{"id":2547,"date":"2023-08-13T05:41:24","date_gmt":"2023-08-13T05:41:24","guid":{"rendered":"https:\/\/rent.webvision.md\/?page_id=2547"},"modified":"2023-08-20T10:48:50","modified_gmt":"2023-08-20T07:48:50","slug":"o-kompanii","status":"publish","type":"page","link":"https:\/\/auto-rent-balti.md\/ro\/o-kompanii\/","title":{"rendered":"Despre noi"},"content":{"rendered":"<div data-elementor-type=\"wp-page\" data-elementor-id=\"2547\" class=\"elementor elementor-2547\">\n\t\t\t\t\t\t<section class=\"elementor-section elementor-top-section elementor-element elementor-element-5645663d elementor-section-boxed elementor-section-height-default elementor-section-height-default\" data-id=\"5645663d\" data-element_type=\"section\" data-e-type=\"section\">\n\t\t\t\t\t\t<div class=\"elementor-container elementor-column-gap-default\">\n\t\t\t\t\t<div class=\"elementor-column elementor-col-100 elementor-top-column elementor-element elementor-element-5150cc39\" data-id=\"5150cc39\" data-element_type=\"column\" data-e-type=\"column\">\n\t\t\t<div class=\"elementor-widget-wrap elementor-element-populated\">\n\t\t\t\t\t\t<div class=\"elementor-element elementor-element-497fc74 elementor-widget elementor-widget-heading\" data-id=\"497fc74\" data-element_type=\"widget\" data-e-type=\"widget\" data-widget_type=\"heading.default\">\n\t\t\t\t<div class=\"elementor-widget-container\">\n\t\t\t\t\t<h2 class=\"elementor-heading-title elementor-size-default\">\u00cenchirieri auto \u00een B\u0103l\u021bi\n<\/h2>\t\t\t\t<\/div>\n\t\t\t\t<\/div>\n\t\t\t\t<div class=\"elementor-element elementor-element-75a827e0 elementor-widget elementor-widget-text-editor\" data-id=\"75a827e0\" data-element_type=\"widget\" data-e-type=\"widget\" data-widget_type=\"text-editor.default\">\n\t\t\t\t<div class=\"elementor-widget-container\">\n\t\t\t\t\t\t\t\t\t\n<p class=\"useText1  aLeft\">\u041a\u043e\u043c\u043f\u0430\u043d\u0438\u044f \u00ab<strong>Auto-Rent-Balti<\/strong>\u00bb \u043f\u0440\u0435\u0434\u043e\u0441\u0442\u0430\u0432\u043b\u044f\u0435\u0442 \u0443\u0441\u043b\u0443\u0433\u0443 \u043f\u0440\u043e\u043a\u0430\u0442\u0430 \u043c\u0430\u0448\u0438\u043d \u0432 \u0411\u0435\u043b\u044c\u0446\u0430\u0445 \u043f\u043e \u0434\u043e\u0441\u0442\u0443\u043f\u043d\u044b\u043c \u0446\u0435\u043d\u0430\u043c. \u0418 \u0432 \u0434\u0435\u043b\u043e\u0432\u044b\u0445 \u043f\u043e\u0435\u0437\u0434\u043a\u0430\u0445, \u0438 \u0432 \u043e\u0442\u043f\u0443\u0441\u043a\u0435 \u0430\u0432\u0442\u043e\u043c\u043e\u0431\u0438\u043b\u044c \u043d\u0430\u043f\u0440\u043e\u043a\u0430\u0442 \u0434\u0430\u0451\u0442 \u043f\u043e\u043b\u043d\u0443\u044e \u0441\u0432\u043e\u0431\u043e\u0434\u0443 \u043f\u0435\u0440\u0435\u043c\u0435\u0449\u0435\u043d\u0438\u0439, \u0438 \u0432\u043e\u0437\u043c\u043e\u0436\u043d\u043e\u0441\u0442\u044c \u0433\u0440\u0430\u043c\u043e\u0442\u043d\u043e\u0433\u043e \u043f\u043b\u0430\u043d\u0438\u0440\u043e\u0432\u0430\u043d\u0438\u044f \u0432\u0440\u0435\u043c\u0435\u043d\u0438. \u041a\u043e\u0433\u0434\u0430 \u043f\u043e\u0434 \u0440\u0443\u043a\u043e\u0439 \u0435\u0441\u0442\u044c \u0441\u0432\u043e\u0439 \u0442\u0440\u0430\u043d\u0441\u043f\u043e\u0440\u0442, \u0432\u044b \u0441\u043c\u043e\u0436\u0435\u0442\u0435 \u0431\u044b\u0441\u0442\u0440\u043e \u0438 \u043c\u0430\u043a\u0441\u0438\u043c\u0430\u043b\u044c\u043d\u043e \u043a\u043e\u043c\u0444\u043e\u0440\u0442\u043d\u043e \u0434\u043e\u0431\u0440\u0430\u0442\u044c\u0441\u044f \u0434\u043e \u043c\u0435\u0441\u0442\u0430 \u043d\u0430\u0437\u043d\u0430\u0447\u0435\u043d\u0438\u044f \u0432 \u043b\u044e\u0431\u043e\u0435 \u0443\u0434\u043e\u0431\u043d\u043e\u0435 \u0432\u0440\u0435\u043c\u044f.<\/p>\n\t\t\t\t\t\t\t\t<\/div>\n\t\t\t\t<\/div>\n\t\t\t\t<div class=\"elementor-element elementor-element-520127e elementor-widget elementor-widget-heading\" data-id=\"520127e\" data-element_type=\"widget\" data-e-type=\"widget\" data-widget_type=\"heading.default\">\n\t\t\t\t<div class=\"elementor-widget-container\">\n\t\t\t\t\t<h2 class=\"elementor-heading-title elementor-size-default\">\u0413\u0434\u0435 \u043c\u043e\u0436\u043d\u043e \u0435\u0437\u0434\u0438\u0442\u044c \u043d\u0430 \u0430\u0440\u0435\u043d\u0434\u043e\u0432\u0430\u043d\u043d\u043e\u0439 \u043c\u0430\u0448\u0438\u043d\u0435?\n<\/h2>\t\t\t\t<\/div>\n\t\t\t\t<\/div>\n\t\t\t\t<div class=\"elementor-element elementor-element-02242c7 elementor-widget elementor-widget-text-editor\" data-id=\"02242c7\" data-element_type=\"widget\" data-e-type=\"widget\" data-widget_type=\"text-editor.default\">\n\t\t\t\t<div class=\"elementor-widget-container\">\n\t\t\t\t\t\t\t\t\t\n<p class=\"useText1  aLeft\">\u0410\u0440\u0435\u043d\u0434\u0443\u044f \u0430\u0432\u0442\u043e\u043c\u043e\u0431\u0438\u043b\u044c \u0432 \u043d\u0430\u0448\u0435\u0439 \u043a\u043e\u043c\u043f\u0430\u043d\u0438\u0438, \u0432\u044b \u043c\u043e\u0436\u0435\u0442\u0435 \u0438\u0441\u043f\u043e\u043b\u044c\u0437\u043e\u0432\u0430\u0442\u044c \u0435\u0433\u043e \u043d\u0430 \u0442\u0435\u0440\u0440\u0438\u0442\u043e\u0440\u0438\u0438 \u0432\u0441\u0435\u0439 \u0441\u0442\u0440\u0430\u043d\u044b. \u0410 \u043f\u0440\u0438 \u0437\u0430\u043a\u0430\u0437\u0435 \u0443\u0441\u043b\u0443\u0433\u0438 \u0440\u0430\u0441\u0448\u0438\u0440\u0435\u043d\u043d\u043e\u0439 \u0442\u0435\u0440\u0440\u0438\u0442\u043e\u0440\u0438\u0438 \u044d\u043a\u0441\u043f\u043b\u0443\u0430\u0442\u0430\u0446\u0438\u0438, \u0432\u044b \u043c\u043e\u0436\u0435\u0442\u0435 \u043e\u0442\u043f\u0440\u0430\u0432\u0438\u0442\u044c\u0441\u044f \u043d\u0430 \u043f\u0440\u0435\u0434\u043e\u0441\u0442\u0430\u0432\u043b\u0435\u043d\u043d\u043e\u0439 \u043c\u0430\u0448\u0438\u043d\u0435 \u0432 \u0437\u0430\u0440\u0443\u0431\u0435\u0436\u043d\u0443\u044e \u043f\u043e\u0435\u0437\u0434\u043a\u0443.<\/p>\n\t\t\t\t\t\t\t\t<\/div>\n\t\t\t\t<\/div>\n\t\t\t\t<div class=\"elementor-element elementor-element-286dd57 elementor-widget elementor-widget-heading\" data-id=\"286dd57\" data-element_type=\"widget\" data-e-type=\"widget\" data-widget_type=\"heading.default\">\n\t\t\t\t<div class=\"elementor-widget-container\">\n\t\t\t\t\t<h2 class=\"elementor-heading-title elementor-size-default\">\u041e\u0441\u043e\u0431\u0435\u043d\u043d\u043e\u0441\u0442\u0438 \u0443\u0441\u043b\u0443\u0433\u0438 \u043f\u0440\u043e\u043a\u0430\u0442\u0430 \u0430\u0432\u0442\u043e<\/h2>\t\t\t\t<\/div>\n\t\t\t\t<\/div>\n\t\t\t\t<div class=\"elementor-element elementor-element-4c357f7 elementor-widget elementor-widget-text-editor\" data-id=\"4c357f7\" data-element_type=\"widget\" data-e-type=\"widget\" data-widget_type=\"text-editor.default\">\n\t\t\t\t<div class=\"elementor-widget-container\">\n\t\t\t\t\t\t\t\t\t\n<p class=\"useText1  aLeft\">\u0410\u0440\u0435\u043d\u0434\u043e\u0432\u0430\u0442\u044c \u043c\u0430\u0448\u0438\u043d\u0443 \u043d\u0435\u043f\u043e\u0441\u0440\u0435\u0434\u0441\u0442\u0432\u0435\u043d\u043d\u043e \u0432 \u0430\u044d\u0440\u043e\u043f\u043e\u0440\u0442\u0443 \u2013 \u044d\u0442\u043e \u0443\u0434\u043e\u0431\u043d\u043e. \u0412\u044b \u0432\u0435\u0441\u043e\u043c\u043e \u0441\u044d\u043a\u043e\u043d\u043e\u043c\u0438\u0442\u0435 \u0432\u0440\u0435\u043c\u044f \u043d\u0430 \u043f\u043e\u0438\u0441\u043a \u0438 \u043f\u0440\u043e\u043a\u0430\u0442 \u043f\u043e\u0434\u0445\u043e\u0434\u044f\u0449\u0435\u0433\u043e \u0442\u0440\u0430\u043d\u0441\u043f\u043e\u0440\u0442\u043d\u043e\u0433\u043e \u0441\u0440\u0435\u0434\u0441\u0442\u0432\u0430. \u041d\u0443\u0436\u043d\u043e \u0431\u0443\u0434\u0435\u0442 \u043b\u0438\u0448\u044c \u043f\u043e\u0434\u043f\u0438\u0441\u0430\u0442\u044c \u0434\u043e\u0433\u043e\u0432\u043e\u0440, \u0437\u0430\u0431\u0440\u0430\u0442\u044c \u043a\u043b\u044e\u0447\u0438 \u0443 \u043d\u0430\u0448\u0435\u0433\u043e \u043c\u0435\u043d\u0435\u0434\u0436\u0435\u0440\u0430 \u0438 \u0432\u044b \u043c\u043e\u0436\u0435\u0442\u0435 \u0441\u0440\u0430\u0437\u0443 \u043e\u0442\u043f\u0440\u0430\u0432\u043b\u044f\u0442\u044c\u0441\u044f \u0432 \u043f\u043e\u0435\u0437\u0434\u043a\u0443.<\/p>\n<p>\u0427\u0442\u043e\u0431\u044b \u043d\u0435 \u0442\u0435\u0440\u044f\u0442\u044c \u0432\u0440\u0435\u043c\u044f \u043d\u0430 \u043e\u0444\u043e\u0440\u043c\u043b\u0435\u043d\u0438\u0435 \u0438 \u0432\u044b\u0431\u043e\u0440 \u043f\u043e\u0434\u0445\u043e\u0434\u044f\u0449\u0435\u0439 \u043c\u0430\u0448\u0438\u043d\u044b \u0432 \u0428\u0435\u0440\u0435\u043c\u0435\u0442\u044c\u0435\u0432\u043e, \u0432\u044b \u043c\u043e\u0436\u0435\u0442\u0435 \u043e\u0444\u043e\u0440\u043c\u0438\u0442\u044c \u0437\u0430\u043a\u0430\u0437 \u043f\u043e \u0442\u0435\u043b\u0435\u0444\u043e\u043d\u0443: <a href=\"tel:+37376747321\">+373 767 47 321<\/a>. \u041d\u0430\u0448\u0438 \u043c\u0435\u043d\u0435\u0434\u0436\u0435\u0440\u044b \u043e\u0442\u0432\u0435\u0442\u044f\u0442 \u043d\u0430 \u0432\u0441\u0435 \u0438\u043d\u0442\u0435\u0440\u0435\u0441\u0443\u044e\u0449\u0438\u0435 \u0432\u0430\u0441 \u0432\u043e\u043f\u0440\u043e\u0441\u044b, \u043f\u0440\u043e\u043a\u043e\u043d\u0441\u0443\u043b\u044c\u0442\u0438\u0440\u0443\u044e\u0442 \u043f\u043e \u0434\u043e\u043f\u043e\u043b\u043d\u0438\u0442\u0435\u043b\u044c\u043d\u044b\u043c \u043e\u043f\u0446\u0438\u044f\u043c \u0438 \u043e\u0444\u043e\u0440\u043c\u044f\u0442 \u0437\u0430\u043a\u0430\u0437. \u0422\u0430\u043a\u0436\u0435 \u0434\u043e\u0441\u0442\u0443\u043f\u043d\u0430 <a href=\"https:\/\/auto-rent-balti.md\/ro\/arenda-avto\/\">\u0443\u0441\u043b\u0443\u0433\u0430 \u0431\u0440\u043e\u043d\u0438\u0440\u043e\u0432\u0430\u043d\u0438\u044f<\/a> \u0430\u0432\u0442\u043e\u043c\u043e\u0431\u0438\u043b\u044f \u043d\u0430 \u0441\u0430\u0439\u0442\u0435 \u043d\u0430\u0448\u0435\u0439 \u043a\u043e\u043c\u043f\u0430\u043d\u0438\u0438.<\/p>\n\t\t\t\t\t\t\t\t<\/div>\n\t\t\t\t<\/div>\n\t\t\t\t\t<\/div>\n\t\t<\/div>\n\t\t\t\t\t<\/div>\n\t\t<\/section>\n\t\t\t\t<section class=\"elementor-section elementor-top-section elementor-element elementor-element-5f698ff elementor-section-boxed elementor-section-height-default elementor-section-height-default\" data-id=\"5f698ff\" data-element_type=\"section\" data-e-type=\"section\">\n\t\t\t\t\t\t<div class=\"elementor-container elementor-column-gap-default\">\n\t\t\t\t\t<div class=\"elementor-column elementor-col-100 elementor-top-column elementor-element elementor-element-a753448\" data-id=\"a753448\" data-element_type=\"column\" data-e-type=\"column\">\n\t\t\t<div class=\"elementor-widget-wrap elementor-element-populated\">\n\t\t\t\t\t\t<div class=\"elementor-element elementor-element-d285693 elementor-align-center elementor-widget elementor-widget-button\" data-id=\"d285693\" data-element_type=\"widget\" data-e-type=\"widget\" data-widget_type=\"button.default\">\n\t\t\t\t<div class=\"elementor-widget-container\">\n\t\t\t\t\t\t\t\t\t<div class=\"elementor-button-wrapper\">\n\t\t\t\t\t<a class=\"elementor-button elementor-button-link elementor-size-sm\" href=\"https:\/\/auto-rent-balti.md\/ro\/arenda-avto\/\">\n\t\t\t\t\t\t<span class=\"elementor-button-content-wrapper\">\n\t\t\t\t\t\t\t\t\t<span class=\"elementor-button-text\">\u0417\u0430\u043a\u0430\u0437\u0430\u0442\u044c \u0430\u0440\u0435\u043d\u0434\u0443 \u0430\u0432\u0442\u043e<\/span>\n\t\t\t\t\t<\/span>\n\t\t\t\t\t<\/a>\n\t\t\t\t<\/div>\n\t\t\t\t\t\t\t\t<\/div>\n\t\t\t\t<\/div>\n\t\t\t\t\t<\/div>\n\t\t<\/div>\n\t\t\t\t\t<\/div>\n\t\t<\/section>\n\t\t\t\t<\/div>","protected":false},"excerpt":{"rendered":"<p>\u041f\u0440\u043e\u043a\u0430\u0442 \u0430\u0432\u0442\u043e\u043c\u043e\u0431\u0438\u043b\u0435\u0439 \u0432 \u0411\u0435\u043b\u044c\u0446\u0430\u0445 \u041a\u043e\u043c\u043f\u0430\u043d\u0438\u044f \u00abAuto-Rent-Balti\u00bb \u043f\u0440\u0435\u0434\u043e\u0441\u0442\u0430\u0432\u043b\u044f\u0435\u0442 \u0443\u0441\u043b\u0443\u0433\u0443 \u043f\u0440\u043e\u043a\u0430\u0442\u0430 \u043c\u0430\u0448\u0438\u043d \u0432 \u0411\u0435\u043b\u044c\u0446\u0430\u0445 \u043f\u043e \u0434\u043e\u0441\u0442\u0443\u043f\u043d\u044b\u043c \u0446\u0435\u043d\u0430\u043c. \u0418 \u0432 \u0434\u0435\u043b\u043e\u0432\u044b\u0445 \u043f\u043e\u0435\u0437\u0434\u043a\u0430\u0445, \u0438 \u0432 \u043e\u0442\u043f\u0443\u0441\u043a\u0435 \u0430\u0432\u0442\u043e\u043c\u043e\u0431\u0438\u043b\u044c \u043d\u0430\u043f\u0440\u043e\u043a\u0430\u0442 \u0434\u0430\u0451\u0442 \u043f\u043e\u043b\u043d\u0443\u044e \u0441\u0432\u043e\u0431\u043e\u0434\u0443 \u043f\u0435\u0440\u0435\u043c\u0435\u0449\u0435\u043d\u0438\u0439, \u0438 \u0432\u043e\u0437\u043c\u043e\u0436\u043d\u043e\u0441\u0442\u044c \u0433\u0440\u0430\u043c\u043e\u0442\u043d\u043e\u0433\u043e \u043f\u043b\u0430\u043d\u0438\u0440\u043e\u0432\u0430\u043d\u0438\u044f \u0432\u0440\u0435\u043c\u0435\u043d\u0438. \u041a\u043e\u0433\u0434\u0430 \u043f\u043e\u0434 \u0440\u0443\u043a\u043e\u0439 \u0435\u0441\u0442\u044c \u0441\u0432\u043e\u0439 \u0442\u0440\u0430\u043d\u0441\u043f\u043e\u0440\u0442, \u0432\u044b \u0441\u043c\u043e\u0436\u0435\u0442\u0435 \u0431\u044b\u0441\u0442\u0440\u043e \u0438 \u043c\u0430\u043a\u0441\u0438\u043c\u0430\u043b\u044c\u043d\u043e \u043a\u043e\u043c\u0444\u043e\u0440\u0442\u043d\u043e \u0434\u043e\u0431\u0440\u0430\u0442\u044c\u0441\u044f \u0434\u043e \u043c\u0435\u0441\u0442\u0430 \u043d\u0430\u0437\u043d\u0430\u0447\u0435\u043d\u0438\u044f \u0432 \u043b\u044e\u0431\u043e\u0435 \u0443\u0434\u043e\u0431\u043d\u043e\u0435 \u0432\u0440\u0435\u043c\u044f. \u0413\u0434\u0435 \u043c\u043e\u0436\u043d\u043e [&hellip;]<\/p>\n","protected":false},"author":6,"featured_media":0,"parent":0,"menu_order":0,"comment_status":"closed","ping_status":"closed","template":"","meta":{"footnotes":""},"class_list":["post-2547","page","type-page","status-publish","hentry"],"_links":{"self":[{"href":"https:\/\/auto-rent-balti.md\/ro\/wp-json\/wp\/v2\/pages\/2547","targetHints":{"allow":["GET"]}}],"collection":[{"href":"https:\/\/auto-rent-balti.md\/ro\/wp-json\/wp\/v2\/pages"}],"about":[{"href":"https:\/\/auto-rent-balti.md\/ro\/wp-json\/wp\/v2\/types\/page"}],"author":[{"embeddable":true,"href":"https:\/\/auto-rent-balti.md\/ro\/wp-json\/wp\/v2\/users\/6"}],"replies":[{"embeddable":true,"href":"https:\/\/auto-rent-balti.md\/ro\/wp-json\/wp\/v2\/comments?post=2547"}],"version-history":[{"count":24,"href":"https:\/\/auto-rent-balti.md\/ro\/wp-json\/wp\/v2\/pages\/2547\/revisions"}],"predecessor-version":[{"id":3160,"href":"https:\/\/auto-rent-balti.md\/ro\/wp-json\/wp\/v2\/pages\/2547\/revisions\/3160"}],"wp:attachment":[{"href":"https:\/\/auto-rent-balti.md\/ro\/wp-json\/wp\/v2\/media?parent=2547"}],"curies":[{"name":"wp","href":"https:\/\/api.w.org\/{rel}","templated":true}]}}